{"id":10,"date":"2024-03-01T23:43:51","date_gmt":"2024-03-02T02:43:51","guid":{"rendered":"http:\/\/hupper-com-br.umbler.net\/?page_id=10"},"modified":"2024-03-02T01:10:49","modified_gmt":"2024-03-02T04:10:49","slug":"sobre","status":"publish","type":"page","link":"https:\/\/hupper.com.br\/?page_id=10","title":{"rendered":"Sobre"},"content":{"rendered":"\n<p><strong>Miss\u00e3o<\/strong><\/p>\n\n\n\n<p>Desenvolver tecnologia com intelig\u00eancia e agilidade, otimizando o tempo entre a idea\u00e7\u00e3o e concretiza\u00e7\u00e3o dos projetos concebidos por nossos clientes.<\/p>\n\n\n\n<p>Nosso foco principal \u00e9 transformar empresas de diversos segmentos com tecnologias inovadores e sustent\u00e1veis, construindo uma base s\u00f3lida e flex\u00edvel para crescimento r\u00e1pido e cont\u00ednuo.<\/p>\n\n\n\n<p><strong>Vis\u00e3o<\/strong><\/p>\n\n\n\n<p>Ser refer\u00eancia no mercado de tecnologia na era cognitiva, transforma\u00e7\u00e3o digital e ind\u00fastria 4.0.<\/p>\n\n\n\n<p><strong>Valores<\/strong><\/p>\n\n\n\n<p>Integridade e \u00c9tica<br>Seguran\u00e7a<br>Inova\u00e7\u00e3o<br>Responsabilidade<br>Compromisso<br>Respeito ao Meio Ambiente<\/p>\n","protected":false},"excerpt":{"rendered":"<p>Miss\u00e3o Desenvolver tecnologia com intelig\u00eancia e agilidade, otimizando o tempo entre a idea\u00e7\u00e3o e concretiza\u00e7\u00e3o dos projetos concebidos por nossos clientes. Nosso foco principal \u00e9 transformar empresas de diversos segmentos com tecnologias inovadores e sustent\u00e1veis, construindo uma base s\u00f3lida e flex\u00edvel para crescimento r\u00e1pido e cont\u00ednuo. Vis\u00e3o Ser refer\u00eancia no mercado de tecnologia na era [&hellip;]<\/p>\n","protected":false},"author":1,"featured_media":0,"parent":0,"menu_order":0,"comment_status":"closed","ping_status":"closed","template":"","meta":{"site-container-style":"default","site-container-layout":"default","site-sidebar-layout":"default","disable-article-header":"default","disable-site-header":"default","disable-site-footer":"default","disable-content-area-spacing":"default","footnotes":""},"_links":{"self":[{"href":"https:\/\/hupper.com.br\/index.php?rest_route=\/wp\/v2\/pages\/10"}],"collection":[{"href":"https:\/\/hupper.com.br\/index.php?rest_route=\/wp\/v2\/pages"}],"about":[{"href":"https:\/\/hupper.com.br\/index.php?rest_route=\/wp\/v2\/types\/page"}],"author":[{"embeddable":true,"href":"https:\/\/hupper.com.br\/index.php?rest_route=\/wp\/v2\/users\/1"}],"replies":[{"embeddable":true,"href":"https:\/\/hupper.com.br\/index.php?rest_route=%2Fwp%2Fv2%2Fcomments&post=10"}],"version-history":[{"count":3,"href":"https:\/\/hupper.com.br\/index.php?rest_route=\/wp\/v2\/pages\/10\/revisions"}],"predecessor-version":[{"id":57,"href":"https:\/\/hupper.com.br\/index.php?rest_route=\/wp\/v2\/pages\/10\/revisions\/57"}],"wp:attachment":[{"href":"https:\/\/hupper.com.br\/index.php?rest_route=%2Fwp%2Fv2%2Fmedia&parent=10"}],"curies":[{"name":"wp","href":"https:\/\/api.w.org\/{rel}","templated":true}]}}